{"id":153,"date":"2025-09-02T19:59:44","date_gmt":"2025-09-02T19:59:44","guid":{"rendered":"https:\/\/fluentishacademy.com\/service"},"modified":"2025-11-25T22:17:21","modified_gmt":"2025-11-25T22:17:21","slug":"english","status":"publish","type":"page","link":"https:\/\/fluentishacademy.com\/es\/english","title":{"rendered":"Ingl\u00e9s"},"content":{"rendered":"<div data-elementor-type=\"wp-page\" data-elementor-id=\"153\" class=\"elementor elementor-153\">\n\t\t\t\t<div class=\"elementor-element elementor-element-fc8d875 e-flex e-con-boxed wpr-particle-no wpr-jarallax-no wpr-parallax-no wpr-sticky-section-no wpr-equal-height-no e-con e-parent\" data-id=\"fc8d875\" data-element_type=\"container\" data-e-type=\"container\" data-settings=\"{&quot;background_background&quot;:&quot;classic&quot;}\">\n\t\t\t\t\t<div class=\"e-con-inner\">\n\t\t<div class=\"elementor-element elementor-element-ab4211d e-con-full e-flex wpr-particle-no wpr-jarallax-no wpr-parallax-no wpr-sticky-section-no wpr-equal-height-no e-con e-child\" data-id=\"ab4211d\" data-element_type=\"container\" data-e-type=\"container\">\n\t\t\t\t<div class=\"elementor-element elementor-element-2737aae elementor-widget elementor-widget-heading\" data-id=\"2737aae\" data-element_type=\"widget\" data-e-type=\"widget\" data-widget_type=\"heading.default\">\n\t\t\t\t\t<h1 class=\"elementor-heading-title elementor-size-default\">INGL\u00c9S<\/h1>\t\t\t\t<\/div>\n\t\t\t\t<\/div>\n\t\t\t\t\t<\/div>\n\t\t\t\t<\/div>\n\t\t<div class=\"elementor-element elementor-element-10b6e5b e-con-full e-flex wpr-particle-no wpr-jarallax-no wpr-parallax-no wpr-sticky-section-no wpr-equal-height-no e-con e-parent\" data-id=\"10b6e5b\" data-element_type=\"container\" data-e-type=\"container\" data-settings=\"{&quot;background_background&quot;:&quot;classic&quot;,&quot;shape_divider_bottom&quot;:&quot;opacity-tilt&quot;}\">\n\t\t\t\t<div class=\"elementor-shape elementor-shape-bottom\" aria-hidden=\"true\" data-negative=\"false\">\n\t\t\t<svg xmlns=\"http:\/\/www.w3.org\/2000\/svg\" viewbox=\"0 0 2600 131.1\" preserveaspectratio=\"none\">\n\t<path class=\"elementor-shape-fill\" d=\"M0 0L2600 0 2600 69.1 0 0z\"\/>\n\t<path class=\"elementor-shape-fill\" style=\"opacity:0.5\" d=\"M0 0L2600 0 2600 69.1 0 69.1z\"\/>\n\t<path class=\"elementor-shape-fill\" style=\"opacity:0.25\" d=\"M2600 0L0 0 0 130.1 2600 69.1z\"\/>\n<\/svg>\t\t<\/div>\n\t\t<div class=\"elementor-element elementor-element-1eb3d2a e-flex e-con-boxed wpr-particle-no wpr-jarallax-no wpr-parallax-no wpr-sticky-section-no wpr-equal-height-no elementor-invisible e-con e-child\" data-id=\"1eb3d2a\" data-element_type=\"container\" data-e-type=\"container\" data-settings=\"{&quot;animation&quot;:&quot;fadeInLeft&quot;}\">\n\t\t\t\t\t<div class=\"e-con-inner\">\n\t\t\t\t<div class=\"elementor-element elementor-element-57d31ab elementor-widget elementor-widget-heading\" data-id=\"57d31ab\" data-element_type=\"widget\" data-e-type=\"widget\" data-widget_type=\"heading.default\">\n\t\t\t\t\t<h2 class=\"elementor-heading-title elementor-size-default\">Informaci\u00f3n general<\/h2>\t\t\t\t<\/div>\n\t\t\t\t<div class=\"elementor-element elementor-element-41931a1 elementor-widget elementor-widget-text-editor\" data-id=\"41931a1\" data-element_type=\"widget\" data-e-type=\"widget\" data-widget_type=\"text-editor.default\">\n\t\t\t\t\t\t\t\t\t<p>Este curso dura 11 semanas y tiene un coste de $520.<\/p><p>Puedes pagar el total en el momento de la inscripci\u00f3n o dividir el pago en tres c\u00f3modas cuotas. Si eliges el plan de pagos, estos se distribuir\u00e1n de la siguiente manera: se requiere un dep\u00f3sito de $200 (no reembolsable) para reservar tu plaza, seguido de dos pagos de $160 \u2014uno al final de la semana 4 y el \u00faltimo al final de la semana 8.<\/p><p>Los estudiantes tendr\u00e1n 2.5 horas de clase cada semana, divididas en dos sesiones, adem\u00e1s de una hora de oficina que es opcional. La hora de oficina se divide en bloques de 30 minutos y est\u00e1 dise\u00f1ada para responder preguntas espec\u00edficas, al igual que se pueden responder por correo electr\u00f3nico o durante el horario de clase.<\/p><p>Como <strong>no se utilizar\u00e1 ning\u00fan libro de texto<\/strong>, los estudiantes recibir\u00e1n suficientes tareas para practicar de forma independiente.<\/p>\t\t\t\t\t\t\t\t<\/div>\n\t\t\t\t<div class=\"elementor-element elementor-element-3b0a905 elementor-widget__width-inherit elementor-widget elementor-widget-button\" data-id=\"3b0a905\" data-element_type=\"widget\" data-e-type=\"widget\" data-widget_type=\"button.default\">\n\t\t\t\t\t\t\t\t\t\t<a class=\"elementor-button elementor-button-link elementor-size-sm\" href=\"#contact\">\n\t\t\t\t\t\t<span class=\"elementor-button-content-wrapper\">\n\t\t\t\t\t\t\t\t\t<span class=\"elementor-button-text\">Me interesa<\/span>\n\t\t\t\t\t<\/span>\n\t\t\t\t\t<\/a>\n\t\t\t\t\t\t\t\t<\/div>\n\t\t\t\t\t<\/div>\n\t\t\t\t<\/div>\n\t\t\t\t<\/div>\n\t\t<div class=\"elementor-element elementor-element-e0757fe e-flex e-con-boxed wpr-particle-no wpr-jarallax-no wpr-parallax-no wpr-sticky-section-no wpr-equal-height-no e-con e-parent\" data-id=\"e0757fe\" data-element_type=\"container\" data-e-type=\"container\">\n\t\t\t\t\t<div class=\"e-con-inner\">\n\t\t\t\t<div class=\"elementor-element elementor-element-879e3ea elementor-widget elementor-widget-heading\" data-id=\"879e3ea\" data-element_type=\"widget\" data-e-type=\"widget\" data-widget_type=\"heading.default\">\n\t\t\t\t\t<h2 class=\"elementor-heading-title elementor-size-default\">Schedule<\/h2>\t\t\t\t<\/div>\n\t\t\t\t<div class=\"elementor-element elementor-element-e445631 elementor-hidden-mobile elementor-widget elementor-widget-image\" data-id=\"e445631\" data-element_type=\"widget\" data-e-type=\"widget\" data-widget_type=\"image.default\">\n\t\t\t\t\t\t\t\t\t\t\t\t\t\t\t<img decoding=\"async\" src=\"https:\/\/fluentishacademy.com\/wp-content\/uploads\/2025\/11\/A1-ENGLISH-FULL.png\" title=\"\" alt=\"\" loading=\"lazy\" \/>\t\t\t\t\t\t\t\t\t\t\t\t\t\t\t<\/div>\n\t\t\t\t<div class=\"elementor-element elementor-element-ba9a512 elementor-hidden-desktop elementor-hidden-tablet elementor-widget elementor-widget-image\" data-id=\"ba9a512\" data-element_type=\"widget\" data-e-type=\"widget\" data-widget_type=\"image.default\">\n\t\t\t\t\t\t\t\t\t\t\t\t\t\t\t<img decoding=\"async\" src=\"https:\/\/fluentishacademy.com\/wp-content\/uploads\/2025\/11\/A1-ENGLISH-SHORT.png\" title=\"\" alt=\"\" loading=\"lazy\" \/>\t\t\t\t\t\t\t\t\t\t\t\t\t\t\t<\/div>\n\t\t\t\t\t<\/div>\n\t\t\t\t<\/div>\n\t\t<div class=\"elementor-element elementor-element-7036058 e-flex e-con-boxed wpr-particle-no wpr-jarallax-no wpr-parallax-no wpr-sticky-section-no wpr-equal-height-no e-con e-parent\" data-id=\"7036058\" data-element_type=\"container\" data-e-type=\"container\">\n\t\t\t\t\t<div class=\"e-con-inner\">\n\t\t<div class=\"elementor-element elementor-element-42eb86c e-con-full e-flex wpr-particle-no wpr-jarallax-no wpr-parallax-no wpr-sticky-section-no wpr-equal-height-no elementor-invisible e-con e-child\" data-id=\"42eb86c\" data-element_type=\"container\" data-e-type=\"container\" data-settings=\"{&quot;background_background&quot;:&quot;classic&quot;,&quot;animation&quot;:&quot;zoomIn&quot;}\">\n\t\t\t\t<div class=\"elementor-element elementor-element-3ae7aa1 elementor-widget elementor-widget-image\" data-id=\"3ae7aa1\" data-element_type=\"widget\" data-e-type=\"widget\" data-widget_type=\"image.default\">\n\t\t\t\t\t\t\t\t\t\t\t\t\t\t\t<img decoding=\"async\" width=\"107\" height=\"113\" src=\"https:\/\/fluentishacademy.com\/wp-content\/uploads\/2025\/10\/GRAMMAR.png\" class=\"attachment-large size-large wp-image-570\" alt=\"\" srcset=\"https:\/\/fluentishacademy.com\/wp-content\/uploads\/2025\/10\/GRAMMAR.png 107w, https:\/\/fluentishacademy.com\/wp-content\/uploads\/2025\/10\/GRAMMAR-11x12.png 11w\" sizes=\"(max-width: 107px) 100vw, 107px\" \/>\t\t\t\t\t\t\t\t\t\t\t\t\t\t\t<\/div>\n\t\t<div class=\"elementor-element elementor-element-4982dc6 e-con-full e-flex wpr-particle-no wpr-jarallax-no wpr-parallax-no wpr-sticky-section-no wpr-equal-height-no e-con e-child\" data-id=\"4982dc6\" data-element_type=\"container\" data-e-type=\"container\">\n\t\t\t\t<div class=\"elementor-element elementor-element-60931c2 elementor-widget elementor-widget-heading\" data-id=\"60931c2\" data-element_type=\"widget\" data-e-type=\"widget\" data-widget_type=\"heading.default\">\n\t\t\t\t\t<h2 class=\"elementor-heading-title elementor-size-default\">Gram\u00e1tica<\/h2>\t\t\t\t<\/div>\n\t\t\t\t<div class=\"elementor-element elementor-element-a0ae1d1 elementor-widget elementor-widget-text-editor\" data-id=\"a0ae1d1\" data-element_type=\"widget\" data-e-type=\"widget\" data-widget_type=\"text-editor.default\">\n\t\t\t\t\t\t\t\t\t<p>Aprender\u00e1s los conceptos b\u00e1sicos, como: el verbo TO BE, los comparativos y superlativos, el presente, los pronombres sujeto y objeto, el uso de GET como verbo frasal, las palabras interrogativas, los adjetivos y pronombres demostrativos y el presente progresivo.<\/p>\t\t\t\t\t\t\t\t<\/div>\n\t\t\t\t<\/div>\n\t\t\t\t<\/div>\n\t\t<div class=\"elementor-element elementor-element-c889f81 e-con-full e-flex wpr-particle-no wpr-jarallax-no wpr-parallax-no wpr-sticky-section-no wpr-equal-height-no elementor-invisible e-con e-child\" data-id=\"c889f81\" data-element_type=\"container\" data-e-type=\"container\" data-settings=\"{&quot;background_background&quot;:&quot;classic&quot;,&quot;animation&quot;:&quot;zoomIn&quot;}\">\n\t\t\t\t<div class=\"elementor-element elementor-element-6946360 elementor-widget elementor-widget-image\" data-id=\"6946360\" data-element_type=\"widget\" data-e-type=\"widget\" data-widget_type=\"image.default\">\n\t\t\t\t\t\t\t\t\t\t\t\t\t\t\t<img decoding=\"async\" width=\"107\" height=\"113\" src=\"https:\/\/fluentishacademy.com\/wp-content\/uploads\/2025\/10\/VOCABULARY.png\" class=\"attachment-large size-large wp-image-566\" alt=\"\" srcset=\"https:\/\/fluentishacademy.com\/wp-content\/uploads\/2025\/10\/VOCABULARY.png 107w, https:\/\/fluentishacademy.com\/wp-content\/uploads\/2025\/10\/VOCABULARY-11x12.png 11w\" sizes=\"(max-width: 107px) 100vw, 107px\" \/>\t\t\t\t\t\t\t\t\t\t\t\t\t\t\t<\/div>\n\t\t<div class=\"elementor-element elementor-element-69461d9 e-con-full e-flex wpr-particle-no wpr-jarallax-no wpr-parallax-no wpr-sticky-section-no wpr-equal-height-no e-con e-child\" data-id=\"69461d9\" data-element_type=\"container\" data-e-type=\"container\">\n\t\t\t\t<div class=\"elementor-element elementor-element-00566e0 elementor-widget elementor-widget-heading\" data-id=\"00566e0\" data-element_type=\"widget\" data-e-type=\"widget\" data-widget_type=\"heading.default\">\n\t\t\t\t\t<h2 class=\"elementor-heading-title elementor-size-default\">Vocabulario<\/h2>\t\t\t\t<\/div>\n\t\t\t\t<div class=\"elementor-element elementor-element-4fe28a4 elementor-widget elementor-widget-text-editor\" data-id=\"4fe28a4\" data-element_type=\"widget\" data-e-type=\"widget\" data-widget_type=\"text-editor.default\">\n\t\t\t\t\t\t\t\t\t<p>Te familiarizar\u00e1s con nuevos temas, incluidos: la familia, las rutinas, el trabajo y los oficios, los espacios y tareas del hogar, y las partes del cuerpo.<\/p>\t\t\t\t\t\t\t\t<\/div>\n\t\t\t\t<\/div>\n\t\t\t\t<\/div>\n\t\t\t\t\t<\/div>\n\t\t\t\t<\/div>\n\t\t<div class=\"elementor-element elementor-element-45726c1 e-flex e-con-boxed wpr-particle-no wpr-jarallax-no wpr-parallax-no wpr-sticky-section-no wpr-equal-height-no elementor-invisible e-con e-parent\" data-id=\"45726c1\" data-element_type=\"container\" data-e-type=\"container\" data-settings=\"{&quot;animation&quot;:&quot;fadeInLeft&quot;}\">\n\t\t\t\t\t<div class=\"e-con-inner\">\n\t\t<div class=\"elementor-element elementor-element-ec164f7 e-con-full e-flex wpr-particle-no wpr-jarallax-no wpr-parallax-no wpr-sticky-section-no wpr-equal-height-no elementor-invisible e-con e-child\" data-id=\"ec164f7\" data-element_type=\"container\" data-e-type=\"container\" data-settings=\"{&quot;background_background&quot;:&quot;classic&quot;,&quot;animation&quot;:&quot;fadeIn&quot;}\">\n\t\t\t\t<div class=\"elementor-element elementor-element-46733fd elementor-widget elementor-widget-image\" data-id=\"46733fd\" data-element_type=\"widget\" data-e-type=\"widget\" data-widget_type=\"image.default\">\n\t\t\t\t\t\t\t\t\t\t\t\t\t\t\t<img decoding=\"async\" width=\"107\" height=\"113\" src=\"https:\/\/fluentishacademy.com\/wp-content\/uploads\/2025\/10\/OBJECTIVES.png\" class=\"attachment-large size-large wp-image-565\" alt=\"\" srcset=\"https:\/\/fluentishacademy.com\/wp-content\/uploads\/2025\/10\/OBJECTIVES.png 107w, https:\/\/fluentishacademy.com\/wp-content\/uploads\/2025\/10\/OBJECTIVES-11x12.png 11w\" sizes=\"(max-width: 107px) 100vw, 107px\" \/>\t\t\t\t\t\t\t\t\t\t\t\t\t\t\t<\/div>\n\t\t<div class=\"elementor-element elementor-element-f7c8e2b e-con-full e-flex wpr-particle-no wpr-jarallax-no wpr-parallax-no wpr-sticky-section-no wpr-equal-height-no e-con e-child\" data-id=\"f7c8e2b\" data-element_type=\"container\" data-e-type=\"container\">\n\t\t\t\t<div class=\"elementor-element elementor-element-7252f78 elementor-widget elementor-widget-heading\" data-id=\"7252f78\" data-element_type=\"widget\" data-e-type=\"widget\" data-widget_type=\"heading.default\">\n\t\t\t\t\t<h2 class=\"elementor-heading-title elementor-size-default\">Objetivo<\/h2>\t\t\t\t<\/div>\n\t\t\t\t<div class=\"elementor-element elementor-element-320b876 elementor-widget elementor-widget-text-editor\" data-id=\"320b876\" data-element_type=\"widget\" data-e-type=\"widget\" data-widget_type=\"text-editor.default\">\n\t\t\t\t\t\t\t\t\t<p>Adquirir una comprensi\u00f3n general de la estructura de las oraciones en ingl\u00e9s, las reglas b\u00e1sicas de gram\u00e1tica y el vocabulario fundamental necesario para la vida cotidiana.<\/p>\t\t\t\t\t\t\t\t<\/div>\n\t\t\t\t<\/div>\n\t\t\t\t<\/div>\n\t\t<div class=\"elementor-element elementor-element-09fff09 e-con-full e-flex wpr-particle-no wpr-jarallax-no wpr-parallax-no wpr-sticky-section-no wpr-equal-height-no elementor-invisible e-con e-child\" data-id=\"09fff09\" data-element_type=\"container\" data-e-type=\"container\" data-settings=\"{&quot;background_background&quot;:&quot;classic&quot;,&quot;animation&quot;:&quot;fadeIn&quot;}\">\n\t\t\t\t<div class=\"elementor-element elementor-element-d890e5c elementor-widget elementor-widget-image\" data-id=\"d890e5c\" data-element_type=\"widget\" data-e-type=\"widget\" data-widget_type=\"image.default\">\n\t\t\t\t\t\t\t\t\t\t\t\t\t\t\t<img loading=\"lazy\" decoding=\"async\" width=\"107\" height=\"113\" src=\"https:\/\/fluentishacademy.com\/wp-content\/uploads\/2025\/10\/my-level-matters-1.png\" class=\"attachment-large size-large wp-image-868\" alt=\"\" srcset=\"https:\/\/fluentishacademy.com\/wp-content\/uploads\/2025\/10\/my-level-matters-1.png 107w, https:\/\/fluentishacademy.com\/wp-content\/uploads\/2025\/10\/my-level-matters-1-11x12.png 11w\" sizes=\"(max-width: 107px) 100vw, 107px\" \/>\t\t\t\t\t\t\t\t\t\t\t\t\t\t\t<\/div>\n\t\t<div class=\"elementor-element elementor-element-2860fbf e-con-full e-flex wpr-particle-no wpr-jarallax-no wpr-parallax-no wpr-sticky-section-no wpr-equal-height-no e-con e-child\" data-id=\"2860fbf\" data-element_type=\"container\" data-e-type=\"container\">\n\t\t\t\t<div class=\"elementor-element elementor-element-4178a16 elementor-widget elementor-widget-heading\" data-id=\"4178a16\" data-element_type=\"widget\" data-e-type=\"widget\" data-widget_type=\"heading.default\">\n\t\t\t\t\t<h2 class=\"elementor-heading-title elementor-size-default\">Mi nivel importa<\/h2>\t\t\t\t<\/div>\n\t\t\t\t<div class=\"elementor-element elementor-element-5499b87 elementor-widget elementor-widget-text-editor\" data-id=\"5499b87\" data-element_type=\"widget\" data-e-type=\"widget\" data-widget_type=\"text-editor.default\">\n\t\t\t\t\t\t\t\t\t<p>Te ayudar\u00e1 a establecer metas claras y a tener una idea de lo que puedes esperar al finalizar el curso. Tambi\u00e9n te permitir\u00e1 identificar tus debilidades, que ser\u00e1 clave para avanzar al siguiente nivel.<\/p>\t\t\t\t\t\t\t\t<\/div>\n\t\t\t\t<\/div>\n\t\t\t\t<\/div>\n\t\t<div class=\"elementor-element elementor-element-72fdcac e-con-full e-flex wpr-particle-no wpr-jarallax-no wpr-parallax-no wpr-sticky-section-no wpr-equal-height-no elementor-invisible e-con e-child\" data-id=\"72fdcac\" data-element_type=\"container\" data-e-type=\"container\" data-settings=\"{&quot;background_background&quot;:&quot;classic&quot;,&quot;animation&quot;:&quot;fadeIn&quot;}\">\n\t\t\t\t<div class=\"elementor-element elementor-element-9319316 elementor-widget elementor-widget-image\" data-id=\"9319316\" data-element_type=\"widget\" data-e-type=\"widget\" data-widget_type=\"image.default\">\n\t\t\t\t\t\t\t\t\t\t\t\t\t\t\t<img loading=\"lazy\" decoding=\"async\" width=\"107\" height=\"113\" src=\"https:\/\/fluentishacademy.com\/wp-content\/uploads\/2025\/10\/skills.png\" class=\"attachment-large size-large wp-image-869\" alt=\"\" srcset=\"https:\/\/fluentishacademy.com\/wp-content\/uploads\/2025\/10\/skills.png 107w, https:\/\/fluentishacademy.com\/wp-content\/uploads\/2025\/10\/skills-11x12.png 11w\" sizes=\"(max-width: 107px) 100vw, 107px\" \/>\t\t\t\t\t\t\t\t\t\t\t\t\t\t\t<\/div>\n\t\t<div class=\"elementor-element elementor-element-e712380 e-con-full e-flex wpr-particle-no wpr-jarallax-no wpr-parallax-no wpr-sticky-section-no wpr-equal-height-no e-con e-child\" data-id=\"e712380\" data-element_type=\"container\" data-e-type=\"container\">\n\t\t\t\t<div class=\"elementor-element elementor-element-f75d410 elementor-widget elementor-widget-heading\" data-id=\"f75d410\" data-element_type=\"widget\" data-e-type=\"widget\" data-widget_type=\"heading.default\">\n\t\t\t\t\t<h2 class=\"elementor-heading-title elementor-size-default\">Habilidades<\/h2>\t\t\t\t<\/div>\n\t\t\t\t<div class=\"elementor-element elementor-element-3c5c1c5 elementor-widget elementor-widget-text-editor\" data-id=\"3c5c1c5\" data-element_type=\"widget\" data-e-type=\"widget\" data-widget_type=\"text-editor.default\">\n\t\t\t\t\t\t\t\t\t<p>Al terminar, podr\u00e1s presentarte y hablar sobre tu rutina, adem\u00e1s de comunicarte en situaciones cotidianas.<\/p>\t\t\t\t\t\t\t\t<\/div>\n\t\t\t\t<\/div>\n\t\t\t\t<\/div>\n\t\t\t\t\t<\/div>\n\t\t\t\t<\/div>\n\t\t\t\t<\/div>","protected":false},"excerpt":{"rendered":"<p>ENGLISH General information This course lasts 11 weeks and it costs $520. You may either pay in full at the time of enrollment or split the payment into three installments. If you choose the installment plan, payments will be as follows: a $200 deposit (non-refundable) is required to reserve your spot, followed by two payments of $160\u2014one at the end of week 4 and the last at the end of week 8. Students will have 2.5 hours of class each week, divided into two sessions, plus one optional office hour. The office hour is split into 30-minute blocks and is designed to answer specific questions, just like by email or during class time. Since no textbook will be used, students will receive enough assignments to practice independently. I&#8217;m interested Schedule Grammar You will learn the essentials such as: the verb TO BE, comparatives and superlatives, present tense, subject vs object pronouns, GET as a phrasal verb, question words, demonstrative adjectives and pronouns and the present progressive. Vocabulary You will become familiar with new subjects, including: family, routines, work and jobs, household spaces and chores, and body parts. Objective To have the general understanding of English sentence constructions, basic grammar rules and basic vocabulary needed for daily life. My level matters It will help you set clear goals as well as give you an idea of what you can expect after finishing the course. It will also help you identify your weaknesses. This will be key in order to advance you to the next level. Skills At the end, you will be able to introduce yourself and express your routine as well as communicate in everyday situations.<\/p>","protected":false},"author":1,"featured_media":0,"parent":0,"menu_order":0,"comment_status":"closed","ping_status":"closed","template":"elementor_header_footer","meta":{"footnotes":""},"class_list":["post-153","page","type-page","status-publish","hentry"],"_links":{"self":[{"href":"https:\/\/fluentishacademy.com\/es\/wp-json\/wp\/v2\/pages\/153","targetHints":{"allow":["GET"]}}],"collection":[{"href":"https:\/\/fluentishacademy.com\/es\/wp-json\/wp\/v2\/pages"}],"about":[{"href":"https:\/\/fluentishacademy.com\/es\/wp-json\/wp\/v2\/types\/page"}],"author":[{"embeddable":true,"href":"https:\/\/fluentishacademy.com\/es\/wp-json\/wp\/v2\/users\/1"}],"replies":[{"embeddable":true,"href":"https:\/\/fluentishacademy.com\/es\/wp-json\/wp\/v2\/comments?post=153"}],"version-history":[{"count":43,"href":"https:\/\/fluentishacademy.com\/es\/wp-json\/wp\/v2\/pages\/153\/revisions"}],"predecessor-version":[{"id":904,"href":"https:\/\/fluentishacademy.com\/es\/wp-json\/wp\/v2\/pages\/153\/revisions\/904"}],"wp:attachment":[{"href":"https:\/\/fluentishacademy.com\/es\/wp-json\/wp\/v2\/media?parent=153"}],"curies":[{"name":"wp","href":"https:\/\/api.w.org\/{rel}","templated":true}]}}